{"id":8,"date":"2017-11-14T16:53:29","date_gmt":"2017-11-14T15:53:29","guid":{"rendered":"http:\/\/new.wistein.de\/?page_id=8"},"modified":"2018-01-08T11:21:18","modified_gmt":"2018-01-08T10:21:18","slug":"produkte","status":"publish","type":"page","link":"http:\/\/wistein.de\/en\/produkte\/","title":{"rendered":"{:de}Produkte{:}{:en}Products{:}"},"content":{"rendered":"<p>{:de}<\/p>\n<p>Das wistein Pulver wird in dauerhaft hoher Qualit\u00e4t in Deutschland hergestellt. Alle unsere Produkte, komplement\u00e4r Artikel und WDV Systeme sind gepr\u00fcft, zertifiziert und garantieren h\u00f6chste Produkt- und Verarbeitungsqualit\u00e4t mit Herstellergarantie.<\/p>\n<p>Das Anwendungsspektrum von wistein reicht von den Fassaden und W\u00e4nden in einer schlichten Steinoptik, die schnell und g\u00fcnstig zu realisieren sind, bis zu k\u00fcnstlerisch anspruchsvollen W\u00e4nden und Objekten.<\/p>\n<p>Somit fanden unsere Produkte weltweit Anwendung in den verschiedensten Bereichen, hier sind einige Beispiele:<\/p>\n<p>Gro\u00dfprojekte wie der Bau von Hochh\u00e4usern, Moscheen und Erlebniswelten, Projekte f\u00fcr Privatkunden wie Neubau von Ein-und Mehrfamilienh\u00e4usern oder auch Verkleidung von Z\u00e4unen, Garagen, Innen- und Au\u00dfenw\u00e4nden, Hausrestaurierungen und Kunstwerke.<\/p>\n<p><a href=\"..\/wistein-pulver\">1. wistein Pulver<\/a><br \/>\n<a href=\"..\/komplementaer-artikel\">2. komplement\u00e4r Artikel<\/a><br \/>\n<a href=\"..\/wdvs\">3. W\u00e4rmed\u00e4mmverbundsysteme<\/a><br \/>\n<a href=\"..\/wp-content\/uploads\/wistein_catalogue17_en.pdf\">4. Kurzkatalog im .pdf Format (in Englisch)<\/a><\/p>\n<p>{:}{:en}The wistein powder is produced permanently in high quality in Germany. All our products, complementary products and external thermal insulation systems are tested, certified and guarantee highest product and processing quality with manufacturer&#8217;s warranty.<br \/>\nThe range of applications of wistein ranges from facades and walls in a simple stone look, which can be realized quickly and cheaply, to artistically sophisticated walls and objects.<br \/>\nThus, our products have found worldwide application in a variety of areas, here are some examples:<br \/>\nLarge projects such as the construction of skyscrapers, mosques and adventure worlds, projects for private customers such as new construction of single and multi-family houses or the covering of fences, garages, interior and exterior walls, house restoration and works of art.<br \/>\n{:}<\/p>","protected":false},"excerpt":{"rendered":"<p>{:de} Das wistein Pulver wird in dauerhaft hoher Qualit\u00e4t in Deutschland hergestellt. Alle unsere Produkte, komplement\u00e4r Artikel und WDV Systeme sind gepr\u00fcft, zertifiziert und garantieren h\u00f6chste Produkt- und Verarbeitungsqualit\u00e4t mit Herstellergarantie. Das Anwendungsspektrum von wistein reicht von den Fassaden und W\u00e4nden in einer schlichten Steinoptik, die schnell und g\u00fcnstig zu realisieren sind, bis zu k\u00fcnstlerisch<a class=\"more-link\" href=\"http:\/\/wistein.de\/en\/produkte\/\">Continue reading <span class=\"screen-reader-text\">&#8222;{:de}Produkte{:}{:en}Products{:}&#8220;<\/span><\/a><\/p>","protected":false},"author":1,"featured_media":0,"parent":0,"menu_order":0,"comment_status":"closed","ping_status":"closed","template":"","meta":{"_exactmetrics_skip_tracking":false,"_exactmetrics_sitenote_active":false,"_exactmetrics_sitenote_note":"","_exactmetrics_sitenote_category":0,"ngg_post_thumbnail":0},"featured_media_urls":[],"_links":{"self":[{"href":"http:\/\/wistein.de\/en\/wp-json\/wp\/v2\/pages\/8"}],"collection":[{"href":"http:\/\/wistein.de\/en\/wp-json\/wp\/v2\/pages"}],"about":[{"href":"http:\/\/wistein.de\/en\/wp-json\/wp\/v2\/types\/page"}],"author":[{"embeddable":true,"href":"http:\/\/wistein.de\/en\/wp-json\/wp\/v2\/users\/1"}],"replies":[{"embeddable":true,"href":"http:\/\/wistein.de\/en\/wp-json\/wp\/v2\/comments?post=8"}],"version-history":[{"count":10,"href":"http:\/\/wistein.de\/en\/wp-json\/wp\/v2\/pages\/8\/revisions"}],"predecessor-version":[{"id":370,"href":"http:\/\/wistein.de\/en\/wp-json\/wp\/v2\/pages\/8\/revisions\/370"}],"wp:attachment":[{"href":"http:\/\/wistein.de\/en\/wp-json\/wp\/v2\/media?parent=8"}],"curies":[{"name":"wp","href":"https:\/\/api.w.org\/{rel}","templated":true}]}}