{"id":604,"date":"2022-10-01T12:10:05","date_gmt":"2022-10-01T10:10:05","guid":{"rendered":"http:\/\/wistein.de\/?page_id=604"},"modified":"2022-10-17T09:41:56","modified_gmt":"2022-10-17T07:41:56","slug":"nutzen","status":"publish","type":"page","link":"http:\/\/wistein.de\/en\/nutzen\/","title":{"rendered":"BENEFIT"},"content":{"rendered":"<nav style=\"color: #ff7100; font-style:italic; font-weight:700;\" class=\"wp-container-2 is-horizontal is-content-justification-space-between has-text-color has-background has-primary-background-color is-responsive items-justified-space-between alignfull wp-block-navigation\" aria-label=\"Hauptmen\u00fc\"><button aria-haspopup=\"true\" aria-label=\"Open menu\" class=\"wp-block-navigation__responsive-container-open\" data-micromodal-trigger=\"modal-1\"><svg width=\"24\" height=\"24\" xmlns=\"http:\/\/www.w3.org\/2000\/svg\" viewbox=\"0 0 24 24\" aria-hidden=\"true\" focusable=\"false\"><rect x=\"4\" y=\"7.5\" width=\"16\" height=\"1.5\" \/><rect x=\"4\" y=\"15\" width=\"16\" height=\"1.5\" \/><\/svg><\/button>\n\t\t\t<div class=\"wp-block-navigation__responsive-container\" style=\"\" id=\"modal-1\">\n\t\t\t\t<div class=\"wp-block-navigation__responsive-close\" tabindex=\"-1\" data-micromodal-close>\n\t\t\t\t\t<div class=\"wp-block-navigation__responsive-dialog\" aria-label=\"Menu\">\n\t\t\t\t\t\t\t<button aria-label=\"Close menu\" data-micromodal-close class=\"wp-block-navigation__responsive-container-close\"><svg xmlns=\"http:\/\/www.w3.org\/2000\/svg\" viewbox=\"0 0 24 24\" width=\"24\" height=\"24\" aria-hidden=\"true\" focusable=\"false\"><path d=\"M13 11.8l6.1-6.3-1-1-6.1 6.2-6.1-6.2-1 1 6.1 6.3-6.5 6.7 1 1 6.5-6.6 6.5 6.6 1-1z\"><\/path><\/svg><\/button>\n\t\t\t\t\t\t<div class=\"wp-block-navigation__responsive-container-content\" id=\"modal-1-content\">\n\t\t\t\t\t\t\t<ul class=\"wp-block-navigation__container\"><li class=\"wp-block-navigation-item\"><div class=\"wp-block-site-logo\"><a href=\"http:\/\/wistein.de\/en\/\" class=\"custom-logo-link\" rel=\"home\"><img loading=\"lazy\" width=\"46\" height=\"43\" src=\"http:\/\/wistein.de\/wp-content\/uploads\/Lion-Logo-3.png\" class=\"custom-logo\" alt=\"wistein\" srcset=\"http:\/\/wistein.de\/wp-content\/uploads\/Lion-Logo-3.png 41w, http:\/\/wistein.de\/wp-content\/uploads\/Lion-Logo-3-13x12.png 13w\" sizes=\"(max-width: 46px) 100vw, 46px\" \/><\/a><\/div><\/li><li style=\"color: #ff7100;\" class=\"has-text-color has-background has-primary-background-color wp-block-navigation-item wp-block-navigation-link\"><a class=\"wp-block-navigation-item__content\"  href=\"http:\/\/wistein.de\/en\/uber\/\"><span class=\"wp-block-navigation-item__label\">ABOUT<\/span><\/a><\/li><li style=\"color: #ff7100;\" class=\"has-text-color has-background has-primary-background-color wp-block-navigation-item current-menu-item wp-block-navigation-link\"><a class=\"wp-block-navigation-item__content\"  href=\"http:\/\/wistein.de\/en\/nutzen\/\" aria-current=\"page\"><span class=\"wp-block-navigation-item__label\">BENEFIT<\/span><\/a><\/li><li style=\"color: #ff7100;\" class=\"has-text-color has-background has-primary-background-color wp-block-navigation-item wp-block-navigation-link\"><a class=\"wp-block-navigation-item__content\"  href=\"http:\/\/wistein.de\/en\/kontakt-2\/\"><span class=\"wp-block-navigation-item__label\">CONTACT<\/span><\/a><\/li><\/ul>\n\t\t\t\t\t\t<\/div>\n\t\t\t\t\t<\/div>\n\t\t\t\t<\/div>\n\t\t\t<\/div><\/nav>\n\n\n<hr class=\"wp-block-separator alignfull has-text-color has-alpha-channel-opacity has-background is-style-wide\" style=\"background-color:#fffefe;color:#fffefe\"\/>\n\n\n\n<div class=\"wp-block-cover alignfull\"><span aria-hidden=\"true\" class=\"wp-block-cover__background has-background-dim\"><\/span><img loading=\"lazy\" width=\"1024\" height=\"576\" class=\"wp-block-cover__image-background wp-image-575\" alt=\"\" src=\"http:\/\/wistein.de\/wp-content\/uploads\/BLACK-1024x576.jpg\" data-object-fit=\"cover\" srcset=\"http:\/\/wistein.de\/wp-content\/uploads\/BLACK-1024x576.jpg 1024w, http:\/\/wistein.de\/wp-content\/uploads\/BLACK-300x169.jpg 300w, http:\/\/wistein.de\/wp-content\/uploads\/BLACK-768x432.jpg 768w, http:\/\/wistein.de\/wp-content\/uploads\/BLACK-1536x864.jpg 1536w, http:\/\/wistein.de\/wp-content\/uploads\/BLACK-2048x1152.jpg 2048w, http:\/\/wistein.de\/wp-content\/uploads\/BLACK-2000x1125.jpg 2000w, http:\/\/wistein.de\/wp-content\/uploads\/BLACK-600x338.jpg 600w\" sizes=\"(max-width: 1024px) 100vw, 1024px\" \/><div class=\"wp-block-cover__inner-container\">\n<h2 class=\"has-text-align-center has-text-color\" style=\"color:#ff7100\"><strong><em>Your benefit \/ your advantages<\/em><\/strong><\/h2>\n\n\n\n<div style=\"height:5px\" aria-hidden=\"true\" class=\"wp-block-spacer\"><\/div>\n\n\n\n<p class=\"has-text-align-center has-tertiary-color has-text-color\" style=\"font-size:18px;font-style:italic;font-weight:700\">The advantages and benefits of wistein fa\u00e7ades...<\/p>\n\n\n\n<p class=\"has-text-align-center has-tertiary-color has-text-color\" style=\"font-size:18px;font-style:italic;font-weight:700\">Individual and creative<\/p>\n\n\n\n<p class=\"has-text-align-center has-tertiary-color has-text-color\" style=\"font-size:18px;font-style:italic;font-weight:700\">value-adding<\/p>\n\n\n\n<p class=\"has-text-align-center has-tertiary-color has-text-color translation-block\" style=\"font-size:18px;font-style:italic;font-weight:700\"><strong><em>sustainable<\/em><\/strong><\/p>\n\n\n\n<p class=\"has-text-align-center has-tertiary-color has-text-color\" style=\"font-size:18px;font-style:italic;font-weight:700\">\u2026und dies alles nur mit uns.<\/p>\n<\/div><\/div>\n\n\n\n<hr class=\"wp-block-separator alignfull has-text-color has-alpha-channel-opacity has-background is-style-wide\" style=\"background-color:#fffefe;color:#fffefe\"\/>\n\n\n\n<div class=\"wp-block-cover alignfull\" style=\"min-height:450px\"><span aria-hidden=\"true\" class=\"wp-block-cover__background has-background-dim\"><\/span><img loading=\"lazy\" width=\"1024\" height=\"576\" class=\"wp-block-cover__image-background wp-image-575\" alt=\"\" src=\"http:\/\/wistein.de\/wp-content\/uploads\/BLACK-1024x576.jpg\" data-object-fit=\"cover\" srcset=\"http:\/\/wistein.de\/wp-content\/uploads\/BLACK-1024x576.jpg 1024w, http:\/\/wistein.de\/wp-content\/uploads\/BLACK-300x169.jpg 300w, http:\/\/wistein.de\/wp-content\/uploads\/BLACK-768x432.jpg 768w, http:\/\/wistein.de\/wp-content\/uploads\/BLACK-1536x864.jpg 1536w, http:\/\/wistein.de\/wp-content\/uploads\/BLACK-2048x1152.jpg 2048w, http:\/\/wistein.de\/wp-content\/uploads\/BLACK-2000x1125.jpg 2000w, http:\/\/wistein.de\/wp-content\/uploads\/BLACK-600x338.jpg 600w\" sizes=\"(max-width: 1024px) 100vw, 1024px\" \/><div class=\"wp-block-cover__inner-container\">\n<h2 class=\"has-text-align-center has-text-color\" style=\"color:#ff7100;font-style:italic;font-weight:700\">Individual and creative<\/h2>\n\n\n\n<div style=\"height:5px\" aria-hidden=\"true\" class=\"wp-block-spacer\"><\/div>\n\n\n\n<p style=\"font-style:italic;font-weight:700\">From a simple to a very individual and creative fa\u00e7ade, you are free to design your desired fa\u00e7ade.<\/p>\n\n\n\n<p style=\"font-style:italic;font-weight:700\">&nbsp;<\/p>\n<\/div><\/div>\n\n\n\n<hr class=\"wp-block-separator alignfull has-alpha-channel-opacity is-style-wide\"\/>\n\n\n\n<div class=\"wp-block-cover alignfull\"><span aria-hidden=\"true\" class=\"wp-block-cover__background has-background-dim\"><\/span><img loading=\"lazy\" width=\"1024\" height=\"576\" class=\"wp-block-cover__image-background wp-image-575\" alt=\"\" src=\"http:\/\/wistein.de\/wp-content\/uploads\/BLACK-1024x576.jpg\" data-object-fit=\"cover\" srcset=\"http:\/\/wistein.de\/wp-content\/uploads\/BLACK-1024x576.jpg 1024w, http:\/\/wistein.de\/wp-content\/uploads\/BLACK-300x169.jpg 300w, http:\/\/wistein.de\/wp-content\/uploads\/BLACK-768x432.jpg 768w, http:\/\/wistein.de\/wp-content\/uploads\/BLACK-1536x864.jpg 1536w, http:\/\/wistein.de\/wp-content\/uploads\/BLACK-2048x1152.jpg 2048w, http:\/\/wistein.de\/wp-content\/uploads\/BLACK-2000x1125.jpg 2000w, http:\/\/wistein.de\/wp-content\/uploads\/BLACK-600x338.jpg 600w\" sizes=\"(max-width: 1024px) 100vw, 1024px\" \/><div class=\"wp-block-cover__inner-container\">\n<h2 class=\"has-text-align-center has-text-color\" style=\"color:#ff7100\"><strong><em>value-adding<\/em><\/strong><\/h2>\n\n\n\n<div style=\"height:5px\" aria-hidden=\"true\" class=\"wp-block-spacer\"><\/div>\n\n\n\n<p style=\"font-style:italic;font-weight:700\">A unique fa\u00e7ade with conditional additional costs of approx. 2-3 % additional fa\u00e7ade costs creates a property with an increase in value of up to 30 % of the total property value.<\/p>\n\n\n\n<p style=\"font-style:italic;font-weight:700\">The more substantial and individual added value lies in the satisfied and happy property owners.&nbsp;<\/p>\n<\/div><\/div>\n\n\n\n<hr class=\"wp-block-separator alignfull has-text-color has-alpha-channel-opacity has-background is-style-wide\" style=\"background-color:#fffefe;color:#fffefe\"\/>\n\n\n\n<div class=\"wp-block-cover alignfull\"><span aria-hidden=\"true\" class=\"wp-block-cover__background has-background-dim\"><\/span><img loading=\"lazy\" width=\"1024\" height=\"576\" class=\"wp-block-cover__image-background wp-image-575\" alt=\"\" src=\"http:\/\/wistein.de\/wp-content\/uploads\/BLACK-1024x576.jpg\" data-object-fit=\"cover\" srcset=\"http:\/\/wistein.de\/wp-content\/uploads\/BLACK-1024x576.jpg 1024w, http:\/\/wistein.de\/wp-content\/uploads\/BLACK-300x169.jpg 300w, http:\/\/wistein.de\/wp-content\/uploads\/BLACK-768x432.jpg 768w, http:\/\/wistein.de\/wp-content\/uploads\/BLACK-1536x864.jpg 1536w, http:\/\/wistein.de\/wp-content\/uploads\/BLACK-2048x1152.jpg 2048w, http:\/\/wistein.de\/wp-content\/uploads\/BLACK-2000x1125.jpg 2000w, http:\/\/wistein.de\/wp-content\/uploads\/BLACK-600x338.jpg 600w\" sizes=\"(max-width: 1024px) 100vw, 1024px\" \/><div class=\"wp-block-cover__inner-container\">\n<h2 class=\"has-text-align-center has-text-color translation-block\" style=\"color:#ff7100\"><strong><em>sustainable<\/em><\/strong><\/h2>\n\n\n\n<div style=\"height:5px\" aria-hidden=\"true\" class=\"wp-block-spacer\"><\/div>\n\n\n\n<p class=\"has-text-align-left has-tertiary-color has-text-color translation-block\" style=\"font-size:18px;font-style:italic;font-weight:700\">Due to a property with a thermal insulation composite system (ETICS), you use a passive cooling-heating system and this is the most sensible way of optimising the living space air. This is sustainable and results in lower energy costs for the owner and less impact on the environment.<\/p>\n<\/div><\/div>\n\n\n\n<hr class=\"wp-block-separator alignfull has-text-color has-alpha-channel-opacity has-background is-style-wide\" style=\"background-color:#fffefe;color:#fffefe\"\/>\n\n\n\n<div class=\"wp-block-cover alignfull\"><span aria-hidden=\"true\" class=\"wp-block-cover__background has-background-dim\"><\/span><img loading=\"lazy\" width=\"1024\" height=\"576\" class=\"wp-block-cover__image-background wp-image-575\" alt=\"\" src=\"http:\/\/wistein.de\/wp-content\/uploads\/BLACK-1024x576.jpg\" data-object-fit=\"cover\" srcset=\"http:\/\/wistein.de\/wp-content\/uploads\/BLACK-1024x576.jpg 1024w, http:\/\/wistein.de\/wp-content\/uploads\/BLACK-300x169.jpg 300w, http:\/\/wistein.de\/wp-content\/uploads\/BLACK-768x432.jpg 768w, http:\/\/wistein.de\/wp-content\/uploads\/BLACK-1536x864.jpg 1536w, http:\/\/wistein.de\/wp-content\/uploads\/BLACK-2048x1152.jpg 2048w, http:\/\/wistein.de\/wp-content\/uploads\/BLACK-2000x1125.jpg 2000w, http:\/\/wistein.de\/wp-content\/uploads\/BLACK-600x338.jpg 600w\" sizes=\"(max-width: 1024px) 100vw, 1024px\" \/><div class=\"wp-block-cover__inner-container\">\n<h2 class=\"has-text-align-center has-text-color\" style=\"color:#ff7100\"><strong><em>...and all this only with us<\/em><\/strong><\/h2>\n\n\n\n<div style=\"height:5px\" aria-hidden=\"true\" class=\"wp-block-spacer\"><\/div>\n\n\n\n<p style=\"font-style:italic;font-weight:700\">Only with us you can get the complete fa\u00e7ade solution from a single source.<\/p>\n\n\n\n<p style=\"font-style:italic;font-weight:700\">Komplette Beratung: Nach einer ausf\u00fchrlichen Analyse des Bauprojektes erhalten Sie eine ausf\u00fchrliche Fassadenberatung. Diese Fassadenberatung sollte nach einer Energieberatung geschehen, wir vermitteln auf Wunsch die richtige Energieberatung. F\u00fcr die Energieberatung stehen staatliche F\u00f6rderprogramme zur Verf\u00fcgung.&nbsp; Komplette Dienstleistung: Alle von uns ausgef\u00fchrten Arbeiten sind an deutschen gesetzlichen Standards ausgelegt und beinhalten eine Garantiezeit von 5 Jahren. Alle eingesetzten Produkte erf\u00fcllen ebenfalls alle deutschen gesetzlichen Standards, werden aber auch dank unseres gro\u00dfen Netzwerkes zum Wohle (Kosten-Nutzen) unserer Kunden gemanagt.<\/p>\n<\/div><\/div>","protected":false},"excerpt":{"rendered":"","protected":false},"author":1,"featured_media":0,"parent":0,"menu_order":0,"comment_status":"closed","ping_status":"closed","template":"","meta":{"_exactmetrics_skip_tracking":false,"_exactmetrics_sitenote_active":false,"_exactmetrics_sitenote_note":"","_exactmetrics_sitenote_category":0,"ngg_post_thumbnail":0},"featured_media_urls":[],"_links":{"self":[{"href":"http:\/\/wistein.de\/en\/wp-json\/wp\/v2\/pages\/604"}],"collection":[{"href":"http:\/\/wistein.de\/en\/wp-json\/wp\/v2\/pages"}],"about":[{"href":"http:\/\/wistein.de\/en\/wp-json\/wp\/v2\/types\/page"}],"author":[{"embeddable":true,"href":"http:\/\/wistein.de\/en\/wp-json\/wp\/v2\/users\/1"}],"replies":[{"embeddable":true,"href":"http:\/\/wistein.de\/en\/wp-json\/wp\/v2\/comments?post=604"}],"version-history":[{"count":24,"href":"http:\/\/wistein.de\/en\/wp-json\/wp\/v2\/pages\/604\/revisions"}],"predecessor-version":[{"id":964,"href":"http:\/\/wistein.de\/en\/wp-json\/wp\/v2\/pages\/604\/revisions\/964"}],"wp:attachment":[{"href":"http:\/\/wistein.de\/en\/wp-json\/wp\/v2\/media?parent=604"}],"curies":[{"name":"wp","href":"https:\/\/api.w.org\/{rel}","templated":true}]}}