{"id":6,"date":"2017-11-14T16:53:02","date_gmt":"2017-11-14T15:53:02","guid":{"rendered":"http:\/\/new.wistein.de\/?page_id=6"},"modified":"2018-01-08T11:20:23","modified_gmt":"2018-01-08T10:20:23","slug":"ueber-uns","status":"publish","type":"page","link":"http:\/\/wistein.de\/en\/ueber-uns\/","title":{"rendered":"{:de}\u00dcber Uns{:}{:en}About Us{:}"},"content":{"rendered":"<p>{:de}<\/p>\n<p>Die EASY Stone Manufactory GmbH produziert und vertreibt weltweit das markenrechtlich gesch\u00fctzte Produkt wistein.<br \/>\nIn den nicht deutsch sprechenden L\u00e4ndern ist der Markenname EASY Stone etabliert.<\/p>\n<p>Wir sind in der weltweiten Fassadenerstellung und individuellen Fassadengestaltung ein Innovationsf\u00fchrer.<\/p>\n<p>Unser Anspruch ist es sowohl g\u00fcnstige Fassaden in einer hohen Qualit\u00e4t zu schaffen als auch individuelle Fassadenw\u00fcnsche zu erm\u00f6glichen. <\/p>\n<p>wistein wird ausschlie\u00dflich \u00fcber qualifizierte Partner vertrieben und ist nicht im Einzelhandel erh\u00e4ltlich.<\/p>\n<p>{:}{:en}Easy Stone Manufactory GmbH produces and distributes the trademarked product wistein worlwide. The brand name EASY stone is established in the non German speaking countries. We are an innovation leader in the worldwide production of facades and individual facade design.<br \/>\nOur claim is to create both favorable facade in a high quality and to enable individual facade wishes.<br \/>\nWistein is sold exclusively through qualified partners and is not available in retail stores.{:}<\/p>","protected":false},"excerpt":{"rendered":"<p>{:de} Die EASY Stone Manufactory GmbH produziert und vertreibt weltweit das markenrechtlich gesch\u00fctzte Produkt wistein. In den nicht deutsch sprechenden L\u00e4ndern ist der Markenname EASY Stone etabliert. Wir sind in der weltweiten Fassadenerstellung und individuellen Fassadengestaltung ein Innovationsf\u00fchrer. Unser Anspruch ist es sowohl g\u00fcnstige Fassaden in einer hohen Qualit\u00e4t zu schaffen als auch individuelle Fassadenw\u00fcnsche<a class=\"more-link\" href=\"http:\/\/wistein.de\/en\/ueber-uns\/\">Continue reading <span class=\"screen-reader-text\">&#8222;{:de}\u00dcber Uns{:}{:en}About Us{:}&#8220;<\/span><\/a><\/p>","protected":false},"author":1,"featured_media":0,"parent":0,"menu_order":0,"comment_status":"closed","ping_status":"closed","template":"","meta":{"_exactmetrics_skip_tracking":false,"_exactmetrics_sitenote_active":false,"_exactmetrics_sitenote_note":"","_exactmetrics_sitenote_category":0,"ngg_post_thumbnail":0},"featured_media_urls":[],"_links":{"self":[{"href":"http:\/\/wistein.de\/en\/wp-json\/wp\/v2\/pages\/6"}],"collection":[{"href":"http:\/\/wistein.de\/en\/wp-json\/wp\/v2\/pages"}],"about":[{"href":"http:\/\/wistein.de\/en\/wp-json\/wp\/v2\/types\/page"}],"author":[{"embeddable":true,"href":"http:\/\/wistein.de\/en\/wp-json\/wp\/v2\/users\/1"}],"replies":[{"embeddable":true,"href":"http:\/\/wistein.de\/en\/wp-json\/wp\/v2\/comments?post=6"}],"version-history":[{"count":4,"href":"http:\/\/wistein.de\/en\/wp-json\/wp\/v2\/pages\/6\/revisions"}],"predecessor-version":[{"id":369,"href":"http:\/\/wistein.de\/en\/wp-json\/wp\/v2\/pages\/6\/revisions\/369"}],"wp:attachment":[{"href":"http:\/\/wistein.de\/en\/wp-json\/wp\/v2\/media?parent=6"}],"curies":[{"name":"wp","href":"https:\/\/api.w.org\/{rel}","templated":true}]}}