{"id":16,"date":"2017-11-14T16:55:28","date_gmt":"2017-11-14T15:55:28","guid":{"rendered":"http:\/\/new.wistein.de\/?page_id=16"},"modified":"2021-11-15T09:07:57","modified_gmt":"2021-11-15T08:07:57","slug":"impressum","status":"publish","type":"page","link":"http:\/\/wistein.de\/en\/impressum\/","title":{"rendered":"{:de}Impressum{:}{:en}Imprint{:}"},"content":{"rendered":"<p>{:de}wistein c\/o EASY Stone Manufactory GmbH<br \/>\nAlbrecht-D\u00fcrer-Str.2a<br \/>\nD-50259 Pulheim<br \/>\nGermany<\/p>\n<p class=\" translation-block\">Email:\u00a0<a href=\"mailto:info@wistein.com\" target=\"_self\">info@wistein.com<\/a><\/p>\n<p>CEO: Benedykt Morcinczyk<\/p>\n<p>Registered at Cologne Local Court HRB 77885<br \/>\nTax number: 203\/5737\/0857<br \/>\nSales tax ID no.: DE28824242<\/p>\n<p>Planen und Bauen: Alle Immobilienprojekte werden unter der kaufm\u00e4nischen Leitung GF Benedykt Morcinczyk durchgef\u00fchrt. Alle baulichen Ma\u00dfnahmen unterliegen der Leitung des Bauingenieurb\u00fcros von Dipl.Ing.(FH) Sergius Fahrner.&nbsp;<\/p>\n<p>Liability notice: After careful checking, no illegal content was discernible on the linked pages at the time of linking. However, we assume no liability for the contents of external links and exclude any warranty for their completeness and correctness. The operator of the site alone is liable for illegal, incorrect or incomplete content and in particular for damage arising from the use or non-use of information presented in this way. As a precaution, we expressly distance ourselves from all contents of these pages that were changed after the link was created.<\/p>\n<p>wistein c\/o EASY Stone Manufactory GmbH\u2028<br \/>\nAlbrecht-D\u00fcrer-Str.2a<br \/>\n\u2028D-50259 Pulheim<br \/>\n\u2028Germany<\/p>\n<p>Managing Director: Benedykt Morcinczyk<\/p>\n<p>Guided at the district court Cologne HRB 77885 \u2028<br \/>\nTax number: 203\/5737\/0857<br \/>\nSales tax number: DE28824242<\/p>\n<p>Disclaimer:<br \/>\nAfter careful control at the time of linking, there was no illegal content on the linked pages recognizable. However, we assume no liability for the content of external links and exclude any warranty for their completeness and accuracy. For illegal, incorrect or incomplete contents and in particular for damages resulting from the use or disuse of such information, the operator of the site is solely liable. As a precaution we dissociate ourselves expressly from all contents of these pages which were changed after the linking.<\/p>\n<p>{:}<\/p>","protected":false},"excerpt":{"rendered":"<p>{:de}wistein c\/o EASY Stone Manufactory GmbH Albrecht-D\u00fcrer-Str.2a D-50259 Pulheim Germany Email:&nbsp;info@wistein.com Gesch\u00e4ftsf\u00fchrer: Benedykt Morcinczyk Gef\u00fchrt beim Amtsgericht K\u00f6ln HRB 77885 Steuernummer: 203\/5737\/0857 Umsatzsteuer-IdNr: DE28824242 Planen und Bauen: Alle Immobilienprojekte werden unter der kaufm\u00e4nischen Leitung GF Benedykt Morcinczyk durchgef\u00fchrt. Alle baulichen Ma\u00dfnahmen unterliegen der Leitung des Bauingenieurb\u00fcros von Dipl.Ing.(FH) Sergius Fahrner.&nbsp; Haftungshinweis: Bei sorgf\u00e4ltiger Kontrolle waren<a class=\"more-link\" href=\"http:\/\/wistein.de\/en\/impressum\/\">Continue reading <span class=\"screen-reader-text\">&#8222;{:de}Impressum{:}{:en}Imprint{:}&#8220;<\/span><\/a><\/p>","protected":false},"author":1,"featured_media":0,"parent":0,"menu_order":0,"comment_status":"closed","ping_status":"closed","template":"","meta":{"_exactmetrics_skip_tracking":false,"_exactmetrics_sitenote_active":false,"_exactmetrics_sitenote_note":"","_exactmetrics_sitenote_category":0,"ngg_post_thumbnail":0},"featured_media_urls":[],"_links":{"self":[{"href":"http:\/\/wistein.de\/en\/wp-json\/wp\/v2\/pages\/16"}],"collection":[{"href":"http:\/\/wistein.de\/en\/wp-json\/wp\/v2\/pages"}],"about":[{"href":"http:\/\/wistein.de\/en\/wp-json\/wp\/v2\/types\/page"}],"author":[{"embeddable":true,"href":"http:\/\/wistein.de\/en\/wp-json\/wp\/v2\/users\/1"}],"replies":[{"embeddable":true,"href":"http:\/\/wistein.de\/en\/wp-json\/wp\/v2\/comments?post=16"}],"version-history":[{"count":11,"href":"http:\/\/wistein.de\/en\/wp-json\/wp\/v2\/pages\/16\/revisions"}],"predecessor-version":[{"id":878,"href":"http:\/\/wistein.de\/en\/wp-json\/wp\/v2\/pages\/16\/revisions\/878"}],"wp:attachment":[{"href":"http:\/\/wistein.de\/en\/wp-json\/wp\/v2\/media?parent=16"}],"curies":[{"name":"wp","href":"https:\/\/api.w.org\/{rel}","templated":true}]}}