{"id":117,"date":"2017-11-15T10:54:13","date_gmt":"2017-11-15T09:54:13","guid":{"rendered":"http:\/\/new.wistein.de\/?page_id=117"},"modified":"2018-01-08T12:17:49","modified_gmt":"2018-01-08T11:17:49","slug":"wdvs","status":"publish","type":"page","link":"http:\/\/wistein.de\/en\/produkte\/wdvs\/","title":{"rendered":"{:de}W\u00e4rmed\u00e4mmverbundsysteme{:}{:en}External thermal insulation composite system{:}"},"content":{"rendered":"<p>{:de}<\/p>\n<p>F\u00fcr ein bessere Energiebilanz Ihrer Immobile, bieten wir Ihnen komplette W\u00e4rmed\u00e4mmverbundsysteme (WDVS) an:<\/p>\n<p>D\u00e4mmplatten, Putztr\u00e4gerd\u00e4mmplatten, Leibungsd\u00e4mmplatten, Putzabschlussprofile, Sockelprofile, Armierungsgewebe, WDVS D\u00e4mmstoffd\u00fcbel sowie alle weiteren WDVS-Produkte und Zubeh\u00f6r.<\/p>\n<p>{:}{:en}For a better energy balance of your real estate, we offer complete thermal insulation systems (ETICS): Insulation panels, plasterboard insulation panels, insulation panels, plaster finishing profiles, base profiles, reinforcing mesh, ETICS insulation dowels and all other ETICS products and accessories.{:}<\/p>","protected":false},"excerpt":{"rendered":"<p>{:de} F\u00fcr ein bessere Energiebilanz Ihrer Immobile, bieten wir Ihnen komplette W\u00e4rmed\u00e4mmverbundsysteme (WDVS) an: D\u00e4mmplatten, Putztr\u00e4gerd\u00e4mmplatten, Leibungsd\u00e4mmplatten, Putzabschlussprofile, Sockelprofile, Armierungsgewebe, WDVS D\u00e4mmstoffd\u00fcbel sowie alle weiteren WDVS-Produkte und Zubeh\u00f6r. {:}{:en}For a better energy balance of your real estate, we offer complete thermal insulation systems (ETICS): Insulation panels, plasterboard insulation panels, insulation panels, plaster finishing profiles, base<a class=\"more-link\" href=\"http:\/\/wistein.de\/en\/produkte\/wdvs\/\">Continue reading <span class=\"screen-reader-text\">&#8222;{:de}W\u00e4rmed\u00e4mmverbundsysteme{:}{:en}External thermal insulation composite system{:}&#8220;<\/span><\/a><\/p>","protected":false},"author":1,"featured_media":0,"parent":8,"menu_order":0,"comment_status":"closed","ping_status":"closed","template":"","meta":{"_exactmetrics_skip_tracking":false,"_exactmetrics_sitenote_active":false,"_exactmetrics_sitenote_note":"","_exactmetrics_sitenote_category":0,"ngg_post_thumbnail":0},"featured_media_urls":[],"_links":{"self":[{"href":"http:\/\/wistein.de\/en\/wp-json\/wp\/v2\/pages\/117"}],"collection":[{"href":"http:\/\/wistein.de\/en\/wp-json\/wp\/v2\/pages"}],"about":[{"href":"http:\/\/wistein.de\/en\/wp-json\/wp\/v2\/types\/page"}],"author":[{"embeddable":true,"href":"http:\/\/wistein.de\/en\/wp-json\/wp\/v2\/users\/1"}],"replies":[{"embeddable":true,"href":"http:\/\/wistein.de\/en\/wp-json\/wp\/v2\/comments?post=117"}],"version-history":[{"count":3,"href":"http:\/\/wistein.de\/en\/wp-json\/wp\/v2\/pages\/117\/revisions"}],"predecessor-version":[{"id":376,"href":"http:\/\/wistein.de\/en\/wp-json\/wp\/v2\/pages\/117\/revisions\/376"}],"up":[{"embeddable":true,"href":"http:\/\/wistein.de\/en\/wp-json\/wp\/v2\/pages\/8"}],"wp:attachment":[{"href":"http:\/\/wistein.de\/en\/wp-json\/wp\/v2\/media?parent=117"}],"curies":[{"name":"wp","href":"https:\/\/api.w.org\/{rel}","templated":true}]}}