{"id":114,"date":"2017-11-15T10:38:15","date_gmt":"2017-11-15T09:38:15","guid":{"rendered":"http:\/\/new.wistein.de\/?page_id=114"},"modified":"2018-01-08T12:17:36","modified_gmt":"2018-01-08T11:17:36","slug":"komplementaer-artikel","status":"publish","type":"page","link":"http:\/\/wistein.de\/en\/produkte\/komplementaer-artikel\/","title":{"rendered":"{:de}komplement\u00e4r Artikel{:}{:en}Complementary products{:}"},"content":{"rendered":"<p>{:de}<\/p>\n<h3>wistein Gl\u00e4tter<\/h3>\n<div style=\"float: left; padding: 1em;\"><img loading=\"lazy\" src=\"http:\/\/new.wistein.de\/wp-content\/uploads\/glaetter.jpg\" alt=\"\" width=\"101\" height=\"61\"\/><\/div>\n<div style=\"float: left; padding-top: 1em;\">ein Gl\u00e4tter mit gebogener Kante f\u00fcr Spezialeffekte<\/div>\n<h3 style=\"clear: both;\">wistein Fugenmacher<\/h3>\n<div style=\"float: left; padding: 1em;\"><img loading=\"lazy\" src=\"http:\/\/new.wistein.de\/wp-content\/uploads\/fugenmacher.jpg\" alt=\"\" width=\"122\" height=\"56\"\/><\/div>\n<div style=\"float: left; padding-top: 1em;\">wahlweise 6 mm oder 10 mm Breite<\/div>\n<h3 style=\"clear: both;\">wistein Grundierung<\/h3>\n<div style=\"float: left; padding: 1em;\"><img loading=\"lazy\" src=\"http:\/\/new.wistein.de\/wp-content\/uploads\/grundierung.jpg\" alt=\"\" width=\"111\" height=\"101\"\/><\/div>\n<div style=\"float: left; padding-top: 1em;\">Eimer, 23 kg<\/div>\n<h3 style=\"clear: both;\">wistein Fugenband<\/h3>\n<div style=\"float: left; padding: 1em;\"><img loading=\"lazy\" src=\"http:\/\/new.wistein.de\/wp-content\/uploads\/fugenband.jpg\" alt=\"\" width=\"114\" height=\"74\"\/><\/div>\n<div style=\"float: left; padding-top: 1em;\">L\u00e4nge: 50 m, wahlweise 6 mm oder 8 mm Breite<\/div>\n<p>{:}{:en}<\/p>\n<h3>wistein smother<\/h3>\n<div style=\"float: left; padding: 1em;\"><img loading=\"lazy\" src=\"http:\/\/wistein.de\/wp-content\/uploads\/glaetter.jpg\" alt=\"\" width=\"101\" height=\"61\"\/><\/div>\n<div style=\"float: left; padding-top: 1em;\">a curved edge smoother for special effects<\/div>\n<h3 style=\"clear: both;\">wistein joint maker<\/h3>\n<div style=\"float: left; padding: 1em;\"><img loading=\"lazy\" src=\"http:\/\/wistein.de\/wp-content\/uploads\/fugenmacher.jpg\" alt=\"\" width=\"122\" height=\"56\"\/><\/div>\n<div style=\"float: left; padding-top: 1em;\">optionally 6 mm or 10 mm width<\/div>\n<h3 style=\"clear: both;\">wistein primer<\/h3>\n<div style=\"float: left; padding: 1em;\"><img loading=\"lazy\" src=\"http:\/\/wistein.de\/wp-content\/uploads\/grundierung.jpg\" alt=\"\" width=\"111\" height=\"101\"\/><\/div>\n<div style=\"float: left; padding-top: 1em;\">bucket, 23 kg<\/div>\n<h3 style=\"clear: both;\">wistein joint tape<\/h3>\n<div style=\"float: left; padding: 1em;\"><img loading=\"lazy\" src=\"http:\/\/wistein.de\/wp-content\/uploads\/fugenband.jpg\" alt=\"\" width=\"114\" height=\"74\"\/><\/div>\n<div style=\"float: left; padding-top: 1em;\">length: 50 m, optionally 6 mm or 8 mm width<\/div>\n<p>{:}<\/p>","protected":false},"excerpt":{"rendered":"<p>{:de} wistein Gl\u00e4tter ein Gl\u00e4tter mit gebogener Kante f\u00fcr Spezialeffekte wistein Fugenmacher wahlweise 6 mm oder 10 mm Breite wistein Grundierung Eimer, 23 kg wistein Fugenband L\u00e4nge: 50 m, wahlweise 6 mm oder 8 mm Breite {:}{:en} wistein smother a curved edge smoother for special effects wistein joint maker optionally 6 mm or 10 mm<a class=\"more-link\" href=\"http:\/\/wistein.de\/en\/produkte\/komplementaer-artikel\/\">Continue reading <span class=\"screen-reader-text\">&#8222;{:de}komplement\u00e4r Artikel{:}{:en}Complementary products{:}&#8220;<\/span><\/a><\/p>","protected":false},"author":1,"featured_media":0,"parent":8,"menu_order":0,"comment_status":"closed","ping_status":"closed","template":"","meta":{"_exactmetrics_skip_tracking":false,"_exactmetrics_sitenote_active":false,"_exactmetrics_sitenote_note":"","_exactmetrics_sitenote_category":0,"ngg_post_thumbnail":0},"featured_media_urls":[],"_links":{"self":[{"href":"http:\/\/wistein.de\/en\/wp-json\/wp\/v2\/pages\/114"}],"collection":[{"href":"http:\/\/wistein.de\/en\/wp-json\/wp\/v2\/pages"}],"about":[{"href":"http:\/\/wistein.de\/en\/wp-json\/wp\/v2\/types\/page"}],"author":[{"embeddable":true,"href":"http:\/\/wistein.de\/en\/wp-json\/wp\/v2\/users\/1"}],"replies":[{"embeddable":true,"href":"http:\/\/wistein.de\/en\/wp-json\/wp\/v2\/comments?post=114"}],"version-history":[{"count":13,"href":"http:\/\/wistein.de\/en\/wp-json\/wp\/v2\/pages\/114\/revisions"}],"predecessor-version":[{"id":375,"href":"http:\/\/wistein.de\/en\/wp-json\/wp\/v2\/pages\/114\/revisions\/375"}],"up":[{"embeddable":true,"href":"http:\/\/wistein.de\/en\/wp-json\/wp\/v2\/pages\/8"}],"wp:attachment":[{"href":"http:\/\/wistein.de\/en\/wp-json\/wp\/v2\/media?parent=114"}],"curies":[{"name":"wp","href":"https:\/\/api.w.org\/{rel}","templated":true}]}}